{"id":537,"date":"2017-11-20T10:36:48","date_gmt":"2017-11-20T09:36:48","guid":{"rendered":"http:\/\/naf.se\/?page_id=537"},"modified":"2018-06-07T14:07:59","modified_gmt":"2018-06-07T12:07:59","slug":"fiberline","status":"publish","type":"page","link":"https:\/\/in.naf.se\/sv\/applikationer\/kemisk-massaframstallning\/fiberline\/","title":{"rendered":"Fiberlinjen"},"content":{"rendered":"<p><div class=\"fusion-fullwidth fullwidth-box fusion-builder-row-1 nonhundred-percent-fullwidth non-hundred-percent-height-scrolling\" style=\"--awb-border-radius-top-left:0px;--awb-border-radius-top-right:0px;--awb-border-radius-bottom-right:0px;--awb-border-radius-bottom-left:0px;--awb-flex-wrap:wrap;\" ><div class=\"fusion-builder-row fusion-row\"><div class=\"fusion-layout-column fusion_builder_column fusion-builder-column-0 fusion_builder_column_1_1 1_1 fusion-one-full fusion-column-first fusion-column-last\" style=\"--awb-bg-size:cover;\"><div class=\"fusion-column-wrapper fusion-flex-column-wrapper-legacy\"><div class=\"fusion-title title fusion-title-1 fusion-sep-none fusion-title-text fusion-title-size-one\"><h1 class=\"fusion-title-heading title-heading-left\" style=\"margin:0;\">Fiberlinjen<\/h1><\/div><div class=\"fusion-text fusion-text-1\"><pre>Vid kemisk massatillverkning best\u00e5r huvudprocessen (ofta kallad <b>fiberlinjen<\/b>) av flera steg som b\u00f6rjar vid renseriet, d\u00e4r flisen tillverkas, och slutar med torkning och balning av massan. Viktiga steg h\u00e4r \u00e4r <strong>kokeri<\/strong>, <strong>tv\u00e4ttning och sileri<\/strong> samt <strong>syrgasdelignifiering och blekeri<\/strong>.<\/pre>\n<\/div><div class=\"fusion-clearfix\"><\/div><\/div><\/div><\/div><\/div><div class=\"fusion-fullwidth fullwidth-box fusion-builder-row-2 nonhundred-percent-fullwidth non-hundred-percent-height-scrolling\" style=\"--awb-border-radius-top-left:0px;--awb-border-radius-top-right:0px;--awb-border-radius-bottom-right:0px;--awb-border-radius-bottom-left:0px;--awb-flex-wrap:wrap;\" ><div class=\"fusion-builder-row fusion-row\"><div class=\"fusion-layout-column fusion_builder_column fusion-builder-column-1 fusion_builder_column_1_1 1_1 fusion-one-full fusion-column-first fusion-column-last\" style=\"--awb-bg-size:cover;\"><div class=\"fusion-column-wrapper fusion-flex-column-wrapper-legacy\">\t<div class=\"wrap_svl_center\">\r\n\t<div class=\"wrap_svl_center_box\">\r\n\t<div class=\"wrap_svl\" id=\"body_drag_629\">\r\n\t\t<div class=\"images_wrap\">\r\n                            <img decoding=\"async\" src=\"https:\/\/in.naf.se\/wp-content\/uploads\/2018\/01\/Slide-2-e1516866784122.jpg\" alt=\"\">\r\n            \t\t<\/div>\t\r\n\t\t \t\t \t\t <div class=\"drag_element tips \" style=\"top:25.90%;left:30.78%;\" >\r\n\t\t \t<div class=\"point_style  ihotspot_tooltop_html\" data-placement=\"n\" data-html=\"\t\t \t\t\t                  &lt;div class=&quot;box_view_html&quot;&gt;&lt;span class=&quot;close_ihp&quot;&gt;&lt;svg version=&quot;1.1&quot; xmlns=&quot;http:\/\/www.w3.org\/2000\/svg&quot; xmlns:xlink=&quot;http:\/\/www.w3.org\/1999\/xlink&quot; x=&quot;0px&quot; y=&quot;0px&quot; viewBox=&quot;0 0 1000 1000&quot; enable-background=&quot;new 0 0 1000 1000&quot; xml:space=&quot;preserve&quot;&gt;&lt;g&gt;&lt;path d=&quot;M153.7,153.7C57.9,249.5,10,365.3,10,499c0,135.7,47.9,251.5,143.7,347.3l0,0C249.5,942.1,363.3,990,499,990c135.7,0,251.5-47.9,347.3-143.7C942.1,750.5,990,634.7,990,499c0-135.7-47.9-249.5-143.7-345.3l0,0C750.5,57.9,634.7,10,499,10C365.3,10,249.5,57.9,153.7,153.7z M209.6,211.6l2-2C289.4,129.7,387.2,89.8,499,89.8c113.8,0,209.6,39.9,291.4,121.8c79.8,77.8,119.8,175.6,119.8,287.4c0,113.8-39.9,209.6-119.8,291.4C708.6,870.3,612.8,910.2,499,910.2c-111.8,0-209.6-39.9-287.4-119.8C129.8,708.6,89.8,612.8,89.8,499C89.8,387.2,129.8,289.4,209.6,211.6z&quot;\/&gt;&lt;path d=&quot;M293.4,331.3c0,12,4,22,12,29.9L443.1,497L305.4,632.7c-8,8-12,18-12,29.9c0,10,4,18,12,26c8,8,18,12,28,12c12,0,20-4,27.9-10L499,552.9l135.7,137.7c8,6,16,10,28,10c12,0,21.9-4,27.9-10c8-8,12-18,12-28c0-12-4-21.9-12-29.9L554.9,497l135.7-135.7c8-8,12-18,12-27.9c0-12-4-22-12-29.9c-6-8-16-12-25.9-12c-12,0-21.9,4-29.9,12L499,441.1L363.3,303.4c-8-8-18-12-29.9-12c-10,0-20,4-28,12C297.4,311.4,293.4,321.4,293.4,331.3z&quot;\/&gt;&lt;\/g&gt;&lt;\/svg&gt;&lt;\/span&gt;&lt;p&gt;Kokeri&lt;\/p&gt;\n&lt;\/div&gt;\r\n\t\t\t \t\t \t\t \">\r\n\t\t \t\t<a href=\"\/sv\/applikationer\/kemisk-massaframstallning\/fiberline\/kokeri\/\" title=\"\" target=\"_self\">\t\t\t \t\t\t\t\t \t\t\t<div class=\"pins_animation ihotspot_pulse\" style=\"top:-15px;left:-15px;height:30px;width:30px\"><\/div>\r\n\t\t\t \t\t\t\t\t \t\t<img decoding=\"async\" src=\"https:\/\/in.naf.se\/wp-content\/uploads\/2018\/01\/naf-pin-1.png\" class=\"pins_image ihotspot_hastooltop\" style=\"top:-15px;left:-15px\" alt=\"\">\r\n\t\t\t \t\t\t\t \t\t<\/a>\t\t \t<\/div>\r\n\t\t <\/div>\r\n\t\t \t\t <div class=\"drag_element tips \" style=\"top:36.95%;left:65.22%;\" >\r\n\t\t \t<div class=\"point_style  ihotspot_tooltop_html\" data-placement=\"n\" data-html=\"\t\t \t\t\t                  &lt;div class=&quot;box_view_html&quot;&gt;&lt;span class=&quot;close_ihp&quot;&gt;&lt;svg version=&quot;1.1&quot; xmlns=&quot;http:\/\/www.w3.org\/2000\/svg&quot; xmlns:xlink=&quot;http:\/\/www.w3.org\/1999\/xlink&quot; x=&quot;0px&quot; y=&quot;0px&quot; viewBox=&quot;0 0 1000 1000&quot; enable-background=&quot;new 0 0 1000 1000&quot; xml:space=&quot;preserve&quot;&gt;&lt;g&gt;&lt;path d=&quot;M153.7,153.7C57.9,249.5,10,365.3,10,499c0,135.7,47.9,251.5,143.7,347.3l0,0C249.5,942.1,363.3,990,499,990c135.7,0,251.5-47.9,347.3-143.7C942.1,750.5,990,634.7,990,499c0-135.7-47.9-249.5-143.7-345.3l0,0C750.5,57.9,634.7,10,499,10C365.3,10,249.5,57.9,153.7,153.7z M209.6,211.6l2-2C289.4,129.7,387.2,89.8,499,89.8c113.8,0,209.6,39.9,291.4,121.8c79.8,77.8,119.8,175.6,119.8,287.4c0,113.8-39.9,209.6-119.8,291.4C708.6,870.3,612.8,910.2,499,910.2c-111.8,0-209.6-39.9-287.4-119.8C129.8,708.6,89.8,612.8,89.8,499C89.8,387.2,129.8,289.4,209.6,211.6z&quot;\/&gt;&lt;path d=&quot;M293.4,331.3c0,12,4,22,12,29.9L443.1,497L305.4,632.7c-8,8-12,18-12,29.9c0,10,4,18,12,26c8,8,18,12,28,12c12,0,20-4,27.9-10L499,552.9l135.7,137.7c8,6,16,10,28,10c12,0,21.9-4,27.9-10c8-8,12-18,12-28c0-12-4-21.9-12-29.9L554.9,497l135.7-135.7c8-8,12-18,12-27.9c0-12-4-22-12-29.9c-6-8-16-12-25.9-12c-12,0-21.9,4-29.9,12L499,441.1L363.3,303.4c-8-8-18-12-29.9-12c-10,0-20,4-28,12C297.4,311.4,293.4,321.4,293.4,331.3z&quot;\/&gt;&lt;\/g&gt;&lt;\/svg&gt;&lt;\/span&gt;&lt;p&gt;Syrgasdelignifiering och Blekning&lt;\/p&gt;\n&lt;\/div&gt;\r\n\t\t\t \t\t \t\t \">\r\n\t\t \t\t<a href=\"\/sv\/applikationer\/kemisk-massaframstallning\/fiberline\/syrgasdelignifiering-blekning\/\" title=\"\" target=\"_self\">\t\t\t \t\t\t\t\t \t\t\t<div class=\"pins_animation ihotspot_pulse\" style=\"top:-15px;left:-15px;height:30px;width:30px\"><\/div>\r\n\t\t\t \t\t\t\t\t \t\t<img decoding=\"async\" src=\"https:\/\/in.naf.se\/wp-content\/uploads\/2018\/01\/naf-pin-1.png\" class=\"pins_image ihotspot_hastooltop\" style=\"top:-15px;left:-15px\" alt=\"\">\r\n\t\t\t \t\t\t\t \t\t<\/a>\t\t \t<\/div>\r\n\t\t <\/div>\r\n\t\t \t\t <div class=\"drag_element tips \" style=\"top:72.90%;left:46.80%;\" >\r\n\t\t \t<div class=\"point_style  ihotspot_tooltop_html\" data-placement=\"n\" data-html=\"\t\t \t\t\t                  &lt;div class=&quot;box_view_html&quot;&gt;&lt;span class=&quot;close_ihp&quot;&gt;&lt;svg version=&quot;1.1&quot; xmlns=&quot;http:\/\/www.w3.org\/2000\/svg&quot; xmlns:xlink=&quot;http:\/\/www.w3.org\/1999\/xlink&quot; x=&quot;0px&quot; y=&quot;0px&quot; viewBox=&quot;0 0 1000 1000&quot; enable-background=&quot;new 0 0 1000 1000&quot; xml:space=&quot;preserve&quot;&gt;&lt;g&gt;&lt;path d=&quot;M153.7,153.7C57.9,249.5,10,365.3,10,499c0,135.7,47.9,251.5,143.7,347.3l0,0C249.5,942.1,363.3,990,499,990c135.7,0,251.5-47.9,347.3-143.7C942.1,750.5,990,634.7,990,499c0-135.7-47.9-249.5-143.7-345.3l0,0C750.5,57.9,634.7,10,499,10C365.3,10,249.5,57.9,153.7,153.7z M209.6,211.6l2-2C289.4,129.7,387.2,89.8,499,89.8c113.8,0,209.6,39.9,291.4,121.8c79.8,77.8,119.8,175.6,119.8,287.4c0,113.8-39.9,209.6-119.8,291.4C708.6,870.3,612.8,910.2,499,910.2c-111.8,0-209.6-39.9-287.4-119.8C129.8,708.6,89.8,612.8,89.8,499C89.8,387.2,129.8,289.4,209.6,211.6z&quot;\/&gt;&lt;path d=&quot;M293.4,331.3c0,12,4,22,12,29.9L443.1,497L305.4,632.7c-8,8-12,18-12,29.9c0,10,4,18,12,26c8,8,18,12,28,12c12,0,20-4,27.9-10L499,552.9l135.7,137.7c8,6,16,10,28,10c12,0,21.9-4,27.9-10c8-8,12-18,12-28c0-12-4-21.9-12-29.9L554.9,497l135.7-135.7c8-8,12-18,12-27.9c0-12-4-22-12-29.9c-6-8-16-12-25.9-12c-12,0-21.9,4-29.9,12L499,441.1L363.3,303.4c-8-8-18-12-29.9-12c-10,0-20,4-28,12C297.4,311.4,293.4,321.4,293.4,331.3z&quot;\/&gt;&lt;\/g&gt;&lt;\/svg&gt;&lt;\/span&gt;&lt;p&gt;Tv\u00e4ttning och Sileri&lt;\/p&gt;\n&lt;\/div&gt;\r\n\t\t\t \t\t \t\t \">\r\n\t\t \t\t<a href=\"\/sv\/applikationer\/kemisk-massaframstallning\/fiberline\/tvattning-sileri\/\" title=\"\" target=\"_self\">\t\t\t \t\t\t\t\t \t\t\t<div class=\"pins_animation ihotspot_pulse\" style=\"top:-15px;left:-15px;height:30px;width:30px\"><\/div>\r\n\t\t\t \t\t\t\t\t \t\t<img decoding=\"async\" src=\"https:\/\/in.naf.se\/wp-content\/uploads\/2018\/01\/naf-pin-1.png\" class=\"pins_image ihotspot_hastooltop\" style=\"top:-15px;left:-15px\" alt=\"\">\r\n\t\t\t \t\t\t\t \t\t<\/a>\t\t \t<\/div>\r\n\t\t <\/div>\r\n\t\t \t\t \r\n\t\t  \t\t \t\r\n\t <\/div>\r\n\t <\/div>\r\n\t <\/div>\r\n\t<div class=\"fusion-text fusion-text-2\"><p style=\"text-align: center;\"><i>Massabruksillustrationen publicerad med tillst\u00e5nd <\/i><i>av ANDRITZ.<\/i><\/p>\n<p style=\"text-align: center;\"><i>Klicka p\u00e5 bilden f\u00f6r att unders\u00f6ka hur Flowserve NAFs produktl\u00f6sningar kan bidra till att \u00f6ka produktiviteten i de olika delarna av fiberlinjen i en kemisk massafabrik.<\/i><\/p>\n<\/div><div class=\"fusion-clearfix\"><\/div><\/div><\/div><\/div><\/div><\/p>\n","protected":false},"excerpt":{"rendered":"","protected":false},"author":1,"featured_media":619,"parent":533,"menu_order":2,"comment_status":"closed","ping_status":"closed","template":"templates\/undersidor.php","meta":{"_acf_changed":false,"footnotes":""},"class_list":["post-537","page","type-page","status-publish","has-post-thumbnail","hentry"],"acf":[],"yoast_head":"<!-- This site is optimized with the Yoast SEO plugin v25.5 - https:\/\/yoast.com\/wordpress\/plugins\/seo\/ -->\n<title>Fiberlinjen | NAF Control Valves<\/title>\n<meta name=\"description\" content=\"Vid kemisk massatillverkning best\u00e5r huvudprocessen (ofta kallad fiberlinjen) av flera steg som b\u00f6rjar vid renseriet, d\u00e4r flisen tillverkas, och slutar med torkning och balning av massan. Viktiga steg h\u00e4r \u00e4r kokeri, tv\u00e4ttning och sileri samt syrgasdelignifiering och blekeri.\" \/>\n<meta name=\"robots\" content=\"index, follow, max-snippet:-1, max-image-preview:large, max-video-preview:-1\" \/>\n<link rel=\"canonical\" href=\"https:\/\/in.naf.se\/sv\/applikationer\/kemisk-massaframstallning\/fiberline\/\" \/>\n<meta property=\"og:locale\" content=\"sv_SE\" \/>\n<meta property=\"og:type\" content=\"article\" \/>\n<meta property=\"og:title\" content=\"Fiberlinjen | NAF Control Valves\" \/>\n<meta property=\"og:description\" content=\"Vid kemisk massatillverkning best\u00e5r huvudprocessen (ofta kallad fiberlinjen) av flera steg som b\u00f6rjar vid renseriet, d\u00e4r flisen tillverkas, och slutar med torkning och balning av massan. Viktiga steg h\u00e4r \u00e4r kokeri, tv\u00e4ttning och sileri samt syrgasdelignifiering och blekeri.\" \/>\n<meta property=\"og:url\" content=\"https:\/\/in.naf.se\/sv\/applikationer\/kemisk-massaframstallning\/fiberline\/\" \/>\n<meta property=\"og:site_name\" content=\"NAF Control Valves\" \/>\n<meta property=\"article:modified_time\" content=\"2018-06-07T12:07:59+00:00\" \/>\n<meta property=\"og:image\" content=\"https:\/\/in.naf.se\/wp-content\/uploads\/2018\/01\/Slide-2-e1516866784122.jpg\" \/>\n\t<meta property=\"og:image:width\" content=\"1000\" \/>\n\t<meta property=\"og:image:height\" content=\"601\" \/>\n\t<meta property=\"og:image:type\" content=\"image\/jpeg\" \/>\n<meta name=\"twitter:card\" content=\"summary_large_image\" \/>\n<meta name=\"twitter:label1\" content=\"Ber\u00e4knad l\u00e4stid\" \/>\n\t<meta name=\"twitter:data1\" content=\"3 minuter\" \/>\n<script type=\"application\/ld+json\" class=\"yoast-schema-graph\">{\"@context\":\"https:\/\/schema.org\",\"@graph\":[{\"@type\":\"WebPage\",\"@id\":\"https:\/\/in.naf.se\/sv\/applikationer\/kemisk-massaframstallning\/fiberline\/\",\"url\":\"https:\/\/in.naf.se\/sv\/applikationer\/kemisk-massaframstallning\/fiberline\/\",\"name\":\"Fiberlinjen | NAF Control Valves\",\"isPartOf\":{\"@id\":\"https:\/\/in.naf.se\/#website\"},\"primaryImageOfPage\":{\"@id\":\"https:\/\/in.naf.se\/sv\/applikationer\/kemisk-massaframstallning\/fiberline\/#primaryimage\"},\"image\":{\"@id\":\"https:\/\/in.naf.se\/sv\/applikationer\/kemisk-massaframstallning\/fiberline\/#primaryimage\"},\"thumbnailUrl\":\"https:\/\/in.naf.se\/wp-content\/uploads\/2018\/01\/Slide-2-e1516866784122.jpg\",\"datePublished\":\"2017-11-20T09:36:48+00:00\",\"dateModified\":\"2018-06-07T12:07:59+00:00\",\"description\":\"Vid kemisk massatillverkning best\u00e5r huvudprocessen (ofta kallad fiberlinjen) av flera steg som b\u00f6rjar vid renseriet, d\u00e4r flisen tillverkas, och slutar med torkning och balning av massan. Viktiga steg h\u00e4r \u00e4r kokeri, tv\u00e4ttning och sileri samt syrgasdelignifiering och blekeri.\",\"breadcrumb\":{\"@id\":\"https:\/\/in.naf.se\/sv\/applikationer\/kemisk-massaframstallning\/fiberline\/#breadcrumb\"},\"inLanguage\":\"sv-SE\",\"potentialAction\":[{\"@type\":\"ReadAction\",\"target\":[\"https:\/\/in.naf.se\/sv\/applikationer\/kemisk-massaframstallning\/fiberline\/\"]}]},{\"@type\":\"ImageObject\",\"inLanguage\":\"sv-SE\",\"@id\":\"https:\/\/in.naf.se\/sv\/applikationer\/kemisk-massaframstallning\/fiberline\/#primaryimage\",\"url\":\"https:\/\/in.naf.se\/wp-content\/uploads\/2018\/01\/Slide-2-e1516866784122.jpg\",\"contentUrl\":\"https:\/\/in.naf.se\/wp-content\/uploads\/2018\/01\/Slide-2-e1516866784122.jpg\",\"width\":1000,\"height\":601},{\"@type\":\"BreadcrumbList\",\"@id\":\"https:\/\/in.naf.se\/sv\/applikationer\/kemisk-massaframstallning\/fiberline\/#breadcrumb\",\"itemListElement\":[{\"@type\":\"ListItem\",\"position\":1,\"name\":\"Hem\",\"item\":\"https:\/\/in.naf.se\/sv\/\"},{\"@type\":\"ListItem\",\"position\":2,\"name\":\"Applikationer\",\"item\":\"https:\/\/in.naf.se\/sv\/applikationer\/\"},{\"@type\":\"ListItem\",\"position\":3,\"name\":\"Kemisk Massaframst\u00e4llning\",\"item\":\"https:\/\/in.naf.se\/sv\/applikationer\/kemisk-massaframstallning\/\"},{\"@type\":\"ListItem\",\"position\":4,\"name\":\"Fiberlinjen\"}]},{\"@type\":\"WebSite\",\"@id\":\"https:\/\/in.naf.se\/#website\",\"url\":\"https:\/\/in.naf.se\/\",\"name\":\"NAF Control Valves\",\"description\":\"\",\"publisher\":{\"@id\":\"https:\/\/in.naf.se\/#organization\"},\"potentialAction\":[{\"@type\":\"SearchAction\",\"target\":{\"@type\":\"EntryPoint\",\"urlTemplate\":\"https:\/\/in.naf.se\/?s={search_term_string}\"},\"query-input\":{\"@type\":\"PropertyValueSpecification\",\"valueRequired\":true,\"valueName\":\"search_term_string\"}}],\"inLanguage\":\"sv-SE\"},{\"@type\":\"Organization\",\"@id\":\"https:\/\/in.naf.se\/#organization\",\"name\":\"NAF Control Valves\",\"url\":\"https:\/\/in.naf.se\/\",\"logo\":{\"@type\":\"ImageObject\",\"inLanguage\":\"sv-SE\",\"@id\":\"https:\/\/in.naf.se\/#\/schema\/logo\/image\/\",\"url\":\"https:\/\/in.naf.se\/wp-content\/uploads\/2018\/08\/flowserve-naf-logo-white-retina.png\",\"contentUrl\":\"https:\/\/in.naf.se\/wp-content\/uploads\/2018\/08\/flowserve-naf-logo-white-retina.png\",\"width\":275,\"height\":146,\"caption\":\"NAF Control Valves\"},\"image\":{\"@id\":\"https:\/\/in.naf.se\/#\/schema\/logo\/image\/\"}}]}<\/script>\n<!-- \/ Yoast SEO plugin. -->","yoast_head_json":{"title":"Fiberlinjen | NAF Control Valves","description":"Vid kemisk massatillverkning best\u00e5r huvudprocessen (ofta kallad fiberlinjen) av flera steg som b\u00f6rjar vid renseriet, d\u00e4r flisen tillverkas, och slutar med torkning och balning av massan. Viktiga steg h\u00e4r \u00e4r kokeri, tv\u00e4ttning och sileri samt syrgasdelignifiering och blekeri.","robots":{"index":"index","follow":"follow","max-snippet":"max-snippet:-1","max-image-preview":"max-image-preview:large","max-video-preview":"max-video-preview:-1"},"canonical":"https:\/\/in.naf.se\/sv\/applikationer\/kemisk-massaframstallning\/fiberline\/","og_locale":"sv_SE","og_type":"article","og_title":"Fiberlinjen | NAF Control Valves","og_description":"Vid kemisk massatillverkning best\u00e5r huvudprocessen (ofta kallad fiberlinjen) av flera steg som b\u00f6rjar vid renseriet, d\u00e4r flisen tillverkas, och slutar med torkning och balning av massan. Viktiga steg h\u00e4r \u00e4r kokeri, tv\u00e4ttning och sileri samt syrgasdelignifiering och blekeri.","og_url":"https:\/\/in.naf.se\/sv\/applikationer\/kemisk-massaframstallning\/fiberline\/","og_site_name":"NAF Control Valves","article_modified_time":"2018-06-07T12:07:59+00:00","og_image":[{"width":1000,"height":601,"url":"https:\/\/in.naf.se\/wp-content\/uploads\/2018\/01\/Slide-2-e1516866784122.jpg","type":"image\/jpeg"}],"twitter_card":"summary_large_image","twitter_misc":{"Ber\u00e4knad l\u00e4stid":"3 minuter"},"schema":{"@context":"https:\/\/schema.org","@graph":[{"@type":"WebPage","@id":"https:\/\/in.naf.se\/sv\/applikationer\/kemisk-massaframstallning\/fiberline\/","url":"https:\/\/in.naf.se\/sv\/applikationer\/kemisk-massaframstallning\/fiberline\/","name":"Fiberlinjen | NAF Control Valves","isPartOf":{"@id":"https:\/\/in.naf.se\/#website"},"primaryImageOfPage":{"@id":"https:\/\/in.naf.se\/sv\/applikationer\/kemisk-massaframstallning\/fiberline\/#primaryimage"},"image":{"@id":"https:\/\/in.naf.se\/sv\/applikationer\/kemisk-massaframstallning\/fiberline\/#primaryimage"},"thumbnailUrl":"https:\/\/in.naf.se\/wp-content\/uploads\/2018\/01\/Slide-2-e1516866784122.jpg","datePublished":"2017-11-20T09:36:48+00:00","dateModified":"2018-06-07T12:07:59+00:00","description":"Vid kemisk massatillverkning best\u00e5r huvudprocessen (ofta kallad fiberlinjen) av flera steg som b\u00f6rjar vid renseriet, d\u00e4r flisen tillverkas, och slutar med torkning och balning av massan. Viktiga steg h\u00e4r \u00e4r kokeri, tv\u00e4ttning och sileri samt syrgasdelignifiering och blekeri.","breadcrumb":{"@id":"https:\/\/in.naf.se\/sv\/applikationer\/kemisk-massaframstallning\/fiberline\/#breadcrumb"},"inLanguage":"sv-SE","potentialAction":[{"@type":"ReadAction","target":["https:\/\/in.naf.se\/sv\/applikationer\/kemisk-massaframstallning\/fiberline\/"]}]},{"@type":"ImageObject","inLanguage":"sv-SE","@id":"https:\/\/in.naf.se\/sv\/applikationer\/kemisk-massaframstallning\/fiberline\/#primaryimage","url":"https:\/\/in.naf.se\/wp-content\/uploads\/2018\/01\/Slide-2-e1516866784122.jpg","contentUrl":"https:\/\/in.naf.se\/wp-content\/uploads\/2018\/01\/Slide-2-e1516866784122.jpg","width":1000,"height":601},{"@type":"BreadcrumbList","@id":"https:\/\/in.naf.se\/sv\/applikationer\/kemisk-massaframstallning\/fiberline\/#breadcrumb","itemListElement":[{"@type":"ListItem","position":1,"name":"Hem","item":"https:\/\/in.naf.se\/sv\/"},{"@type":"ListItem","position":2,"name":"Applikationer","item":"https:\/\/in.naf.se\/sv\/applikationer\/"},{"@type":"ListItem","position":3,"name":"Kemisk Massaframst\u00e4llning","item":"https:\/\/in.naf.se\/sv\/applikationer\/kemisk-massaframstallning\/"},{"@type":"ListItem","position":4,"name":"Fiberlinjen"}]},{"@type":"WebSite","@id":"https:\/\/in.naf.se\/#website","url":"https:\/\/in.naf.se\/","name":"NAF Control Valves","description":"","publisher":{"@id":"https:\/\/in.naf.se\/#organization"},"potentialAction":[{"@type":"SearchAction","target":{"@type":"EntryPoint","urlTemplate":"https:\/\/in.naf.se\/?s={search_term_string}"},"query-input":{"@type":"PropertyValueSpecification","valueRequired":true,"valueName":"search_term_string"}}],"inLanguage":"sv-SE"},{"@type":"Organization","@id":"https:\/\/in.naf.se\/#organization","name":"NAF Control Valves","url":"https:\/\/in.naf.se\/","logo":{"@type":"ImageObject","inLanguage":"sv-SE","@id":"https:\/\/in.naf.se\/#\/schema\/logo\/image\/","url":"https:\/\/in.naf.se\/wp-content\/uploads\/2018\/08\/flowserve-naf-logo-white-retina.png","contentUrl":"https:\/\/in.naf.se\/wp-content\/uploads\/2018\/08\/flowserve-naf-logo-white-retina.png","width":275,"height":146,"caption":"NAF Control Valves"},"image":{"@id":"https:\/\/in.naf.se\/#\/schema\/logo\/image\/"}}]}},"_links":{"self":[{"href":"https:\/\/in.naf.se\/sv\/wp-json\/wp\/v2\/pages\/537","targetHints":{"allow":["GET"]}}],"collection":[{"href":"https:\/\/in.naf.se\/sv\/wp-json\/wp\/v2\/pages"}],"about":[{"href":"https:\/\/in.naf.se\/sv\/wp-json\/wp\/v2\/types\/page"}],"author":[{"embeddable":true,"href":"https:\/\/in.naf.se\/sv\/wp-json\/wp\/v2\/users\/1"}],"replies":[{"embeddable":true,"href":"https:\/\/in.naf.se\/sv\/wp-json\/wp\/v2\/comments?post=537"}],"version-history":[{"count":2,"href":"https:\/\/in.naf.se\/sv\/wp-json\/wp\/v2\/pages\/537\/revisions"}],"predecessor-version":[{"id":2011,"href":"https:\/\/in.naf.se\/sv\/wp-json\/wp\/v2\/pages\/537\/revisions\/2011"}],"up":[{"embeddable":true,"href":"https:\/\/in.naf.se\/sv\/wp-json\/wp\/v2\/pages\/533"}],"wp:featuredmedia":[{"embeddable":true,"href":"https:\/\/in.naf.se\/sv\/wp-json\/wp\/v2\/media\/619"}],"wp:attachment":[{"href":"https:\/\/in.naf.se\/sv\/wp-json\/wp\/v2\/media?parent=537"}],"curies":[{"name":"wp","href":"https:\/\/api.w.org\/{rel}","templated":true}]}}