{"id":52,"date":"2017-10-19T16:07:27","date_gmt":"2017-10-19T14:07:27","guid":{"rendered":"http:\/\/naf.se\/?page_id=52"},"modified":"2024-07-15T09:59:29","modified_gmt":"2024-07-15T07:59:29","slug":"hem","status":"publish","type":"page","link":"https:\/\/in.naf.se\/sv\/","title":{"rendered":"Hem"},"content":{"rendered":"<p><div class=\"fusion-fullwidth fullwidth-box fusion-builder-row-1 header nonhundred-percent-fullwidth non-hundred-percent-height-scrolling\" style=\"--awb-border-radius-top-left:0px;--awb-border-radius-top-right:0px;--awb-border-radius-bottom-right:0px;--awb-border-radius-bottom-left:0px;--awb-padding-top:0px;--awb-padding-right:0px;--awb-padding-bottom:0px;--awb-padding-left:0px;--awb-margin-top:0px;--awb-margin-bottom:0px;--awb-flex-wrap:wrap;\" ><div class=\"fusion-builder-row fusion-row\"><div class=\"fusion-layout-column fusion_builder_column fusion-builder-column-0 fusion_builder_column_1_1 1_1 fusion-one-full fusion-column-first fusion-column-last fusion-animated\" style=\"--awb-bg-size:cover;--awb-margin-bottom:0px;\" data-animationType=\"fadeIn\" data-animationDuration=\"1.0\" data-animationOffset=\"top-into-view\"><div class=\"fusion-column-wrapper fusion-flex-column-wrapper-legacy\">    <div id=\"slider\" class=\"flexslider hw_slider \">\n        <ul class=\"slides\">\n                            <li class=\"compat-object-fit\" style=\"background-image: url(https:\/\/in.naf.se\/wp-content\/uploads\/2018\/04\/header-image-e1523354589158.png);\">\n                    <img decoding=\"async\" src=\"https:\/\/in.naf.se\/wp-content\/uploads\/2018\/04\/header-image-e1523354589158.png\" alt=\"\" \/>\n                <\/li>\n                            <li class=\"compat-object-fit\" style=\"background-image: url(https:\/\/in.naf.se\/wp-content\/uploads\/2018\/04\/Header-4.png);\">\n                    <img decoding=\"async\" src=\"https:\/\/in.naf.se\/wp-content\/uploads\/2018\/04\/Header-4.png\" alt=\"\" \/>\n                <\/li>\n                            <li class=\"compat-object-fit\" style=\"background-image: url(https:\/\/in.naf.se\/wp-content\/uploads\/2018\/04\/ANDRITZ-H1-for-web-page-slide-e1529408896701-1.jpg);\">\n                    <img decoding=\"async\" src=\"https:\/\/in.naf.se\/wp-content\/uploads\/2018\/04\/ANDRITZ-H1-for-web-page-slide-e1529408896701-1.jpg\" alt=\"\" \/>\n                <\/li>\n                            <li class=\"compat-object-fit\" style=\"background-image: url(https:\/\/in.naf.se\/wp-content\/uploads\/2018\/04\/bildspel_naf_2-1.jpg);\">\n                    <img decoding=\"async\" src=\"https:\/\/in.naf.se\/wp-content\/uploads\/2018\/04\/bildspel_naf_2-1.jpg\" alt=\"\" \/>\n                <\/li>\n                    <\/ul>\n    <\/div>\n <div class=\"fusion-clearfix\"><\/div><\/div><\/div><\/div><\/div><div class=\"fusion-fullwidth fullwidth-box fusion-builder-row-2 section maxwidth startsection nonhundred-percent-fullwidth non-hundred-percent-height-scrolling\" style=\"--awb-border-radius-top-left:0px;--awb-border-radius-top-right:0px;--awb-border-radius-bottom-right:0px;--awb-border-radius-bottom-left:0px;--awb-flex-wrap:wrap;\" ><div class=\"fusion-builder-row fusion-row\"><div class=\"fusion-layout-column fusion_builder_column fusion-builder-column-1 fusion_builder_column_3_5 3_5 fusion-three-fifth fusion-column-first\" style=\"--awb-bg-size:cover;width:60%;width:calc(60% - ( ( 4% ) * 0.6 ) );margin-right: 4%;\"><div class=\"fusion-column-wrapper fusion-flex-column-wrapper-legacy\"><div class=\"fusion-title title fusion-title-1 fusion-sep-none fusion-title-text fusion-title-size-one\"><h1 class=\"fusion-title-heading title-heading-left\" style=\"margin:0;\"><p><strong>High performance<\/strong><br \/>\ncontrol valves<\/p><\/h1><\/div><div class=\"fusion-text fusion-text-1\"><pre>NAF \u00e4r specialisten p\u00e5 vridande reglerventiler \u2013 h\u00f6gpresterande, underh\u00e5llsfria och intelligenta reglerventilspaket med direktmontage, d\u00e4r alla delar \u00e4r moduluppbyggda och konstruerade f\u00f6r att prestera optimalt tillsammans.<\/pre>\n<\/div><div class=\"fusion-button-wrapper\"><a class=\"fusion-button button-flat fusion-button-default-size button-default fusion-button-default button-1 fusion-button-default-span fusion-button-default-type\" target=\"_self\" href=\"\/produkter\"><span class=\"fusion-button-text awb-button__text awb-button__text--default\">Utforska hela sortimentet<\/span><i class=\" fa fa-arrow-circle-right awb-button__icon awb-button__icon--default button-icon-right\" aria-hidden=\"true\"><\/i><\/a><\/div><div class=\"fusion-button-wrapper\"><a class=\"fusion-button button-flat fusion-button-default-size button-default fusion-button-default button-2 fusion-button-default-span fusion-button-default-type simple-button\" target=\"_self\" href=\"\/kontakt\"><span class=\"fusion-button-text awb-button__text awb-button__text--default\">Kontakta oss<\/span><i class=\" fa fa-arrow-circle-right awb-button__icon awb-button__icon--default button-icon-right\" aria-hidden=\"true\"><\/i><\/a><\/div><div class=\"fusion-clearfix\"><\/div><\/div><\/div><div class=\"fusion-layout-column fusion_builder_column fusion-builder-column-2 fusion_builder_column_2_5 2_5 fusion-two-fifth fusion-column-last\" style=\"--awb-bg-size:cover;width:40%;width:calc(40% - ( ( 4% ) * 0.4 ) );\"><div class=\"fusion-column-wrapper fusion-flex-column-wrapper-legacy\"><div class=\"fusion-image-carousel fusion-image-carousel-auto fusion-image-carousel-1\"><div class=\"awb-carousel awb-swiper awb-swiper-carousel awb-swiper-dots-position-bottom awb-carousel--carousel\" data-layout=\"carousel\" data-autoplay=\"yes\" data-autoplayspeed=\"2500\" data-autoplaypause=\"no\" data-columns=\"1\" data-itemmargin=\"13\" data-itemwidth=\"180\" data-touchscroll=\"no\" data-freemode=\"no\" data-imagesize=\"auto\" data-scrollitems=\"0\" data-centeredslides=\"no\" data-rotationangle=\"50\" data-depth=\"100\" data-speed=\"500\" data-shadow=\"no\" style=\"--awb-columns:1;\"><div class=\"swiper-wrapper awb-image-carousel-wrapper fusion-flex-align-items-center\"><div class=\"swiper-slide\"><div class=\"fusion-carousel-item-wrapper\"><div class=\"fusion-image-wrapper hover-type-none\"><img decoding=\"async\" width=\"384\" height=\"400\" src=\"https:\/\/in.naf.se\/wp-content\/uploads\/2018\/08\/Duball_DL_Pocket_3-1.jpg\" class=\"attachment-full size-full\" alt=\"\" srcset=\"https:\/\/in.naf.se\/wp-content\/uploads\/2018\/08\/Duball_DL_Pocket_3-1-200x208.jpg 200w, https:\/\/in.naf.se\/wp-content\/uploads\/2018\/08\/Duball_DL_Pocket_3-1-288x300.jpg 288w, https:\/\/in.naf.se\/wp-content\/uploads\/2018\/08\/Duball_DL_Pocket_3-1.jpg 384w\" sizes=\"(max-width: 384px) 100vw, 384px\" \/><\/div><\/div><\/div><div class=\"swiper-slide\"><div class=\"fusion-carousel-item-wrapper\"><div class=\"fusion-image-wrapper hover-type-none\"><img decoding=\"async\" width=\"384\" height=\"400\" src=\"https:\/\/in.naf.se\/wp-content\/uploads\/2018\/08\/naf-ventil-2.jpg\" class=\"attachment-full size-full\" alt=\"\" srcset=\"https:\/\/in.naf.se\/wp-content\/uploads\/2018\/08\/naf-ventil-2-200x208.jpg 200w, https:\/\/in.naf.se\/wp-content\/uploads\/2018\/08\/naf-ventil-2-288x300.jpg 288w, https:\/\/in.naf.se\/wp-content\/uploads\/2018\/08\/naf-ventil-2.jpg 384w\" sizes=\"(max-width: 384px) 100vw, 384px\" \/><\/div><\/div><\/div><div class=\"swiper-slide\"><div class=\"fusion-carousel-item-wrapper\"><div class=\"fusion-image-wrapper hover-type-none\"><img decoding=\"async\" width=\"384\" height=\"400\" src=\"https:\/\/in.naf.se\/wp-content\/uploads\/2018\/08\/Turnex_vit-fo\u0308r-presenttion_2.jpg\" class=\"attachment-full size-full\" alt=\"\" srcset=\"https:\/\/in.naf.se\/wp-content\/uploads\/2018\/08\/Turnex_vit-fo\u0308r-presenttion_2-200x208.jpg 200w, https:\/\/in.naf.se\/wp-content\/uploads\/2018\/08\/Turnex_vit-fo\u0308r-presenttion_2-288x300.jpg 288w, https:\/\/in.naf.se\/wp-content\/uploads\/2018\/08\/Turnex_vit-fo\u0308r-presenttion_2.jpg 384w\" sizes=\"(max-width: 384px) 100vw, 384px\" \/><\/div><\/div><\/div><div class=\"swiper-slide\"><div class=\"fusion-carousel-item-wrapper\"><div class=\"fusion-image-wrapper hover-type-none\"><img decoding=\"async\" width=\"384\" height=\"400\" src=\"https:\/\/in.naf.se\/wp-content\/uploads\/2018\/08\/naf-ventil-3.jpg\" class=\"attachment-full size-full\" alt=\"\" srcset=\"https:\/\/in.naf.se\/wp-content\/uploads\/2018\/08\/naf-ventil-3-200x208.jpg 200w, https:\/\/in.naf.se\/wp-content\/uploads\/2018\/08\/naf-ventil-3-288x300.jpg 288w, https:\/\/in.naf.se\/wp-content\/uploads\/2018\/08\/naf-ventil-3.jpg 384w\" sizes=\"(max-width: 384px) 100vw, 384px\" \/><\/div><\/div><\/div><div class=\"swiper-slide\"><div class=\"fusion-carousel-item-wrapper\"><div class=\"fusion-image-wrapper hover-type-none\"><img decoding=\"async\" width=\"384\" height=\"400\" src=\"https:\/\/in.naf.se\/wp-content\/uploads\/2018\/08\/naf-ventil-5.jpg\" class=\"attachment-full size-full\" alt=\"\" srcset=\"https:\/\/in.naf.se\/wp-content\/uploads\/2018\/08\/naf-ventil-5-200x208.jpg 200w, https:\/\/in.naf.se\/wp-content\/uploads\/2018\/08\/naf-ventil-5-288x300.jpg 288w, https:\/\/in.naf.se\/wp-content\/uploads\/2018\/08\/naf-ventil-5.jpg 384w\" sizes=\"(max-width: 384px) 100vw, 384px\" \/><\/div><\/div><\/div><div class=\"swiper-slide\"><div class=\"fusion-carousel-item-wrapper\"><div class=\"fusion-image-wrapper hover-type-none\"><img decoding=\"async\" width=\"384\" height=\"400\" src=\"https:\/\/in.naf.se\/wp-content\/uploads\/2018\/08\/Trunnball-.jpg\" class=\"attachment-full size-full\" alt=\"\" srcset=\"https:\/\/in.naf.se\/wp-content\/uploads\/2018\/08\/Trunnball--200x208.jpg 200w, https:\/\/in.naf.se\/wp-content\/uploads\/2018\/08\/Trunnball--288x300.jpg 288w, https:\/\/in.naf.se\/wp-content\/uploads\/2018\/08\/Trunnball-.jpg 384w\" sizes=\"(max-width: 384px) 100vw, 384px\" \/><\/div><\/div><\/div><div class=\"swiper-slide\"><div class=\"fusion-carousel-item-wrapper\"><div class=\"fusion-image-wrapper hover-type-none\"><img decoding=\"async\" width=\"384\" height=\"400\" src=\"https:\/\/in.naf.se\/wp-content\/uploads\/2018\/08\/naf-ventil-6.jpg\" class=\"attachment-full size-full\" alt=\"\" srcset=\"https:\/\/in.naf.se\/wp-content\/uploads\/2018\/08\/naf-ventil-6-200x208.jpg 200w, https:\/\/in.naf.se\/wp-content\/uploads\/2018\/08\/naf-ventil-6-288x300.jpg 288w, https:\/\/in.naf.se\/wp-content\/uploads\/2018\/08\/naf-ventil-6.jpg 384w\" sizes=\"(max-width: 384px) 100vw, 384px\" \/><\/div><\/div><\/div><\/div><\/div><\/div><div class=\"fusion-clearfix\"><\/div><\/div><\/div><\/div><\/div><div class=\"fusion-fullwidth fullwidth-box fusion-builder-row-3 fusion-parallax-none section gray nonhundred-percent-fullwidth non-hundred-percent-height-scrolling\" style=\"--awb-background-position:left center;--awb-border-radius-top-left:0px;--awb-border-radius-top-right:0px;--awb-border-radius-bottom-right:0px;--awb-border-radius-bottom-left:0px;--awb-background-image:url(&quot;https:\/\/in.naf.se\/wp-content\/uploads\/2018\/08\/valve-bkg.png&quot;);--awb-background-size:cover;--awb-flex-wrap:wrap;\" ><div class=\"fusion-builder-row fusion-row\"><div class=\"fusion-layout-column fusion_builder_column fusion-builder-column-3 fusion_builder_column_1_1 1_1 fusion-one-full fusion-column-first fusion-column-last\" style=\"--awb-bg-size:cover;--awb-margin-bottom:0px;\"><div class=\"fusion-column-wrapper fusion-flex-column-wrapper-legacy\"><div class=\"fusion-title title fusion-title-2 fusion-sep-none fusion-title-center fusion-title-text fusion-title-size-two\"><h2 class=\"fusion-title-heading title-heading-center\" style=\"margin:0;\"><strong>Specialister p\u00e5<\/strong>\u00a0vridande reglerventiler<\/h2><\/div><div class=\"fusion-testimonials clean awb-speech-bubble-show fusion-testimonials-1\" style=\"--awb-textcolor:#747474;--awb-backgroundcolor:#f6f6f6;--awb-testimonial-border-style:solid;--awb-testimonial-border-color:var(--awb-color3);--awb-border-top-left-radius:0px;--awb-border-top-right-radius:0px;--awb-border-bottom-left-radius:0px;--awb-border-bottom-right-radius:0px;--testimonial-border-width-top:0px;--testimonial-border-width-right:0px;--testimonial-border-width-bottom:0px;--testimonial-border-width-left:0px;\" data-random=\"0\" data-speed=\"10000\"><div class=\"reviews\"><div class=\"review active-testimonial avatar-above no-avatar\"><blockquote class=\"testimonials-shortcode-blockquote\"><div class=\"awb-quote\"><div class=\"awb-quote-content\">\n<p class=\"p1\">Andritz NAF \u00e4r en ledande leverant\u00f6r av avancerade ventill\u00f6sningar till Papper- och Massa, Kemi- och Petrokemi-, Olja och Gas-, Kraftverks- och St\u00e5lverksindustrier \u00f6ver hela v\u00e4rlden. V\u00e5ra produkter \u00e4r drifts\u00e4kra, servicev\u00e4nliga och kostnadseffektiva, med extremt l\u00e5ng livsl\u00e4ngd.<\/p>\n<\/div><\/div><\/blockquote><div class=\"author\"><span class=\"company-name\"><strong>Your Content Goes Here<\/strong>, <span>Your Content Goes Here<\/span><\/span><\/div><\/div><div class=\"review avatar-above no-avatar\"><blockquote class=\"testimonials-shortcode-blockquote\"><div class=\"awb-quote\"><div class=\"awb-quote-content\">\n<p class=\"p1\">Andritz NAF \u00e4r specialisten p\u00e5 vridande ventiler, b\u00e5de f\u00f6r reglering och f\u00f6r automatiserad eller manuell avst\u00e4ngning. Vi utvecklar och tillverkar olika typer h\u00f6gpresterande kulventiler, kulsektorventiler och vridspj\u00e4llsventiler f\u00f6r de mest kr\u00e4vande applikationerna.<\/p>\n<\/div><\/div><\/blockquote><div class=\"author\"><span class=\"company-name\"><strong>Your Content Goes Here<\/strong>, <span>Your Content Goes Here<\/span><\/span><\/div><\/div><\/div><\/div><div class=\"fusion-clearfix\"><\/div><\/div><\/div><\/div><\/div><div class=\"fusion-fullwidth fullwidth-box fusion-builder-row-4 section nonhundred-percent-fullwidth non-hundred-percent-height-scrolling\" style=\"--awb-border-radius-top-left:0px;--awb-border-radius-top-right:0px;--awb-border-radius-bottom-right:0px;--awb-border-radius-bottom-left:0px;--awb-flex-wrap:wrap;\" ><div class=\"fusion-builder-row fusion-row\"><div class=\"fusion-layout-column fusion_builder_column fusion-builder-column-4 fusion_builder_column_1_1 1_1 fusion-one-full fusion-column-first fusion-column-last\" style=\"--awb-bg-size:cover;\"><div class=\"fusion-column-wrapper fusion-flex-column-wrapper-legacy\"><div class=\"fusion-title title fusion-title-3 fusion-sep-none fusion-title-text fusion-title-size-three\"><h3 class=\"fusion-title-heading title-heading-left\" style=\"margin:0;\">Uppt\u00e4ck mer om NAF<\/h3><\/div><div class=\"articles-wrapper\">\n\t\t\t\n\t\t<a href=\"https:\/\/in.naf.se\/sv\/naf-control-valves-ar-nu-en-del-av-andritz\/\" class=\"article \" style=\"background-image: url(https:\/\/in.naf.se\/wp-content\/uploads\/2018\/05\/ANDRITZ-H1_LR-300x274.jpg)\">\n\t\t\t<div class=\"article-inner tester\">\n\t\t\t\t<span class=\"entry-title\">NAF Control Valves \u00e4r nu en del av ANDRITZ<\/span>\n\t\t\t\t<div class=\"entry-meta\">\n\t\t\t\t<span>Okategoriserad<\/span>\t\t\t\t<span>22 maj, 2024<\/span>\n\t\t\t\t<\/div>\n\t\t\t<\/div>\n\t\t<\/a>\n\t\t\t\n\t\t<a href=\"https:\/\/in.naf.se\/sv\/flowserve-naf-erhaller-amerikansk-utmarkelse-som-ett-av-de-sakraste-industriforetagen-att-arbeta-pa\/\" class=\"article \" style=\"background-image: url(https:\/\/in.naf.se\/wp-content\/uploads\/2019\/10\/Award-300x220.png)\">\n\t\t\t<div class=\"article-inner tester\">\n\t\t\t\t<span class=\"entry-title\">NAF erh\u00e5ller amerikansk utm\u00e4rkelse som ett av de s\u00e4kraste industrif\u00f6retagen att arbeta p\u00e5<\/span>\n\t\t\t\t<div class=\"entry-meta\">\n\t\t\t\t<span>Aktuellt<\/span>\t\t\t\t<span>3 oktober, 2019<\/span>\n\t\t\t\t<\/div>\n\t\t\t<\/div>\n\t\t<\/a>\n\t\t\t\n\t\t<a href=\"https:\/\/in.naf.se\/sv\/flowserve-nafs-produkter-atercertifierade-for-sil-3-av-exida\/\" class=\"article \" style=\"background-image: url(https:\/\/in.naf.se\/wp-content\/uploads\/2018\/08\/SIL-exida-300x180.jpg)\">\n\t\t\t<div class=\"article-inner tester\">\n\t\t\t\t<span class=\"entry-title\">NAF&#8217;s produkter \u00e5tercertifierade f\u00f6r SIL 3 av exida.<\/span>\n\t\t\t\t<div class=\"entry-meta\">\n\t\t\t\t<span>Produkter<\/span>\t\t\t\t<span>27 augusti, 2018<\/span>\n\t\t\t\t<\/div>\n\t\t\t<\/div>\n\t\t<\/a>\n\t\t\t\n\t\t<a href=\"https:\/\/in.naf.se\/sv\/2120\/\" class=\"article \" style=\"background-image: url(https:\/\/in.naf.se\/wp-content\/uploads\/2018\/05\/Success-stories-300x200.jpg)\">\n\t\t\t<div class=\"article-inner tester\">\n\t\t\t\t<span class=\"entry-title\">Globala leveranser, lokal n\u00e4rvaro- L\u00e4s om v\u00e5ra framg\u00e5ngar till massabruk i Brasilien<\/span>\n\t\t\t\t<div class=\"entry-meta\">\n\t\t\t\t<span>Aktuellt<\/span>\t\t\t\t<span>30 maj, 2018<\/span>\n\t\t\t\t<\/div>\n\t\t\t<\/div>\n\t\t<\/a>\n\t\t\t\n\t\t<a href=\"https:\/\/in.naf.se\/sv\/test\/\" class=\"article \" style=\"background-image: url(https:\/\/in.naf.se\/wp-content\/uploads\/2018\/04\/Setball-SF-300x180.jpg)\">\n\t\t\t<div class=\"article-inner tester\">\n\t\t\t\t<span class=\"entry-title\">Testa v\u00e5r interaktiva 3D-modell f\u00f6r NAF Setball SF!<\/span>\n\t\t\t\t<div class=\"entry-meta\">\n\t\t\t\t<span>Produkter<\/span>\t\t\t\t<span>18 april, 2018<\/span>\n\t\t\t\t<\/div>\n\t\t\t<\/div>\n\t\t<\/a>\n\t\t\t\n\t\t<a href=\"https:\/\/in.naf.se\/sv\/lansering-av-naf-setball\/\" class=\"article \" style=\"background-image: url(https:\/\/in.naf.se\/wp-content\/uploads\/2016\/02\/Setball-SF-skuren-uppifr\u00e5n-small-300x300.jpg)\">\n\t\t\t<div class=\"article-inner tester\">\n\t\t\t\t<span class=\"entry-title\">Flowserve NAF lanserar ny kulsektorventil NAF Setball SF<\/span>\n\t\t\t\t<div class=\"entry-meta\">\n\t\t\t\t<span>Produkter<\/span>\t\t\t\t<span>16 februari, 2016<\/span>\n\t\t\t\t<\/div>\n\t\t\t<\/div>\n\t\t<\/a>\n\t\t\t\n\t\t<a href=\"https:\/\/in.naf.se\/sv\/klabin\/\" class=\"article \" style=\"background-image: url(https:\/\/in.naf.se\/wp-content\/uploads\/2015\/04\/NAF_Eldorado_Deslignification-Reactor-Valve-235x300.jpg)\">\n\t\t\t<div class=\"article-inner tester\">\n\t\t\t\t<span class=\"entry-title\">Flowserve NAF utvald som leverant\u00f6r till Klabins nya massabruk i Brasilien<\/span>\n\t\t\t\t<div class=\"entry-meta\">\n\t\t\t\t<span>Aktuellt<\/span>\t\t\t\t<span>9 april, 2015<\/span>\n\t\t\t\t<\/div>\n\t\t\t<\/div>\n\t\t<\/a>\n\t<\/div><div class=\"fusion-sep-clear\"><\/div><div class=\"fusion-separator fusion-full-width-sep\" style=\"margin-left: auto;margin-right: auto;width:100%;\"><\/div><div class=\"fusion-sep-clear\"><\/div><div class=\"fusion-alignright\"><a class=\"fusion-button button-flat fusion-button-default-size button-default fusion-button-default button-3 fusion-button-default-span fusion-button-default-type simple-button\" target=\"_self\" href=\"\/artiklar\"><span class=\"fusion-button-text awb-button__text awb-button__text--default\">Visa mer<\/span><i class=\" fa fa-arrow-circle-right awb-button__icon awb-button__icon--default button-icon-right\" aria-hidden=\"true\"><\/i><\/a><\/div><div class=\"fusion-clearfix\"><\/div><\/div><\/div><\/div><\/div><\/p>\n","protected":false},"excerpt":{"rendered":"","protected":false},"author":1,"featured_media":0,"parent":0,"menu_order":8,"comment_status":"closed","ping_status":"closed","template":"100-width.php","meta":{"_acf_changed":false,"footnotes":""},"class_list":["post-52","page","type-page","status-publish","hentry"],"acf":[],"yoast_head":"<!-- This site is optimized with the Yoast SEO plugin v25.5 - https:\/\/yoast.com\/wordpress\/plugins\/seo\/ -->\n<title>Hem | NAF Control Valves<\/title>\n<meta name=\"description\" content=\"Flowserve NAF \u00e4r en ledande leverant\u00f6r av avancerade ventill\u00f6sningar till Papper- och Massa, Kemi- och Petrokemi-, Olja och Gas-, Kraftverks- och St\u00e5lverksindustrier \u00f6ver hela v\u00e4rlden.\" \/>\n<meta name=\"robots\" content=\"index, follow, max-snippet:-1, max-image-preview:large, max-video-preview:-1\" \/>\n<link rel=\"canonical\" href=\"https:\/\/in.naf.se\/sv\/\" \/>\n<meta property=\"og:locale\" content=\"sv_SE\" \/>\n<meta property=\"og:type\" content=\"article\" \/>\n<meta property=\"og:title\" content=\"Hem | NAF Control Valves\" \/>\n<meta property=\"og:description\" content=\"Flowserve NAF \u00e4r en ledande leverant\u00f6r av avancerade ventill\u00f6sningar till Papper- och Massa, Kemi- och Petrokemi-, Olja och Gas-, Kraftverks- och St\u00e5lverksindustrier \u00f6ver hela v\u00e4rlden.\" \/>\n<meta property=\"og:url\" content=\"https:\/\/in.naf.se\/sv\/\" \/>\n<meta property=\"og:site_name\" content=\"NAF Control Valves\" \/>\n<meta property=\"article:modified_time\" content=\"2024-07-15T07:59:29+00:00\" \/>\n<meta name=\"twitter:card\" content=\"summary_large_image\" \/>\n<meta name=\"twitter:label1\" content=\"Ber\u00e4knad l\u00e4stid\" \/>\n\t<meta name=\"twitter:data1\" content=\"4 minuter\" \/>\n<script type=\"application\/ld+json\" class=\"yoast-schema-graph\">{\"@context\":\"https:\/\/schema.org\",\"@graph\":[{\"@type\":\"WebPage\",\"@id\":\"https:\/\/in.naf.se\/sv\/\",\"url\":\"https:\/\/in.naf.se\/sv\/\",\"name\":\"Hem | NAF Control Valves\",\"isPartOf\":{\"@id\":\"https:\/\/in.naf.se\/#website\"},\"datePublished\":\"2017-10-19T14:07:27+00:00\",\"dateModified\":\"2024-07-15T07:59:29+00:00\",\"description\":\"Flowserve NAF \u00e4r en ledande leverant\u00f6r av avancerade ventill\u00f6sningar till Papper- och Massa, Kemi- och Petrokemi-, Olja och Gas-, Kraftverks- och St\u00e5lverksindustrier \u00f6ver hela v\u00e4rlden.\",\"breadcrumb\":{\"@id\":\"https:\/\/in.naf.se\/sv\/#breadcrumb\"},\"inLanguage\":\"sv-SE\",\"potentialAction\":[{\"@type\":\"ReadAction\",\"target\":[\"https:\/\/in.naf.se\/sv\/\"]}]},{\"@type\":\"BreadcrumbList\",\"@id\":\"https:\/\/in.naf.se\/sv\/#breadcrumb\",\"itemListElement\":[{\"@type\":\"ListItem\",\"position\":1,\"name\":\"Hem\",\"item\":\"https:\/\/in.naf.se\/sv\/\"},{\"@type\":\"ListItem\",\"position\":2,\"name\":\"Hem\"}]},{\"@type\":\"WebSite\",\"@id\":\"https:\/\/in.naf.se\/#website\",\"url\":\"https:\/\/in.naf.se\/\",\"name\":\"NAF Control Valves\",\"description\":\"\",\"publisher\":{\"@id\":\"https:\/\/in.naf.se\/#organization\"},\"potentialAction\":[{\"@type\":\"SearchAction\",\"target\":{\"@type\":\"EntryPoint\",\"urlTemplate\":\"https:\/\/in.naf.se\/?s={search_term_string}\"},\"query-input\":{\"@type\":\"PropertyValueSpecification\",\"valueRequired\":true,\"valueName\":\"search_term_string\"}}],\"inLanguage\":\"sv-SE\"},{\"@type\":\"Organization\",\"@id\":\"https:\/\/in.naf.se\/#organization\",\"name\":\"NAF Control Valves\",\"url\":\"https:\/\/in.naf.se\/\",\"logo\":{\"@type\":\"ImageObject\",\"inLanguage\":\"sv-SE\",\"@id\":\"https:\/\/in.naf.se\/#\/schema\/logo\/image\/\",\"url\":\"https:\/\/in.naf.se\/wp-content\/uploads\/2018\/08\/flowserve-naf-logo-white-retina.png\",\"contentUrl\":\"https:\/\/in.naf.se\/wp-content\/uploads\/2018\/08\/flowserve-naf-logo-white-retina.png\",\"width\":275,\"height\":146,\"caption\":\"NAF Control Valves\"},\"image\":{\"@id\":\"https:\/\/in.naf.se\/#\/schema\/logo\/image\/\"}}]}<\/script>\n<!-- \/ Yoast SEO plugin. -->","yoast_head_json":{"title":"Hem | NAF Control Valves","description":"Flowserve NAF \u00e4r en ledande leverant\u00f6r av avancerade ventill\u00f6sningar till Papper- och Massa, Kemi- och Petrokemi-, Olja och Gas-, Kraftverks- och St\u00e5lverksindustrier \u00f6ver hela v\u00e4rlden.","robots":{"index":"index","follow":"follow","max-snippet":"max-snippet:-1","max-image-preview":"max-image-preview:large","max-video-preview":"max-video-preview:-1"},"canonical":"https:\/\/in.naf.se\/sv\/","og_locale":"sv_SE","og_type":"article","og_title":"Hem | NAF Control Valves","og_description":"Flowserve NAF \u00e4r en ledande leverant\u00f6r av avancerade ventill\u00f6sningar till Papper- och Massa, Kemi- och Petrokemi-, Olja och Gas-, Kraftverks- och St\u00e5lverksindustrier \u00f6ver hela v\u00e4rlden.","og_url":"https:\/\/in.naf.se\/sv\/","og_site_name":"NAF Control Valves","article_modified_time":"2024-07-15T07:59:29+00:00","twitter_card":"summary_large_image","twitter_misc":{"Ber\u00e4knad l\u00e4stid":"4 minuter"},"schema":{"@context":"https:\/\/schema.org","@graph":[{"@type":"WebPage","@id":"https:\/\/in.naf.se\/sv\/","url":"https:\/\/in.naf.se\/sv\/","name":"Hem | NAF Control Valves","isPartOf":{"@id":"https:\/\/in.naf.se\/#website"},"datePublished":"2017-10-19T14:07:27+00:00","dateModified":"2024-07-15T07:59:29+00:00","description":"Flowserve NAF \u00e4r en ledande leverant\u00f6r av avancerade ventill\u00f6sningar till Papper- och Massa, Kemi- och Petrokemi-, Olja och Gas-, Kraftverks- och St\u00e5lverksindustrier \u00f6ver hela v\u00e4rlden.","breadcrumb":{"@id":"https:\/\/in.naf.se\/sv\/#breadcrumb"},"inLanguage":"sv-SE","potentialAction":[{"@type":"ReadAction","target":["https:\/\/in.naf.se\/sv\/"]}]},{"@type":"BreadcrumbList","@id":"https:\/\/in.naf.se\/sv\/#breadcrumb","itemListElement":[{"@type":"ListItem","position":1,"name":"Hem","item":"https:\/\/in.naf.se\/sv\/"},{"@type":"ListItem","position":2,"name":"Hem"}]},{"@type":"WebSite","@id":"https:\/\/in.naf.se\/#website","url":"https:\/\/in.naf.se\/","name":"NAF Control Valves","description":"","publisher":{"@id":"https:\/\/in.naf.se\/#organization"},"potentialAction":[{"@type":"SearchAction","target":{"@type":"EntryPoint","urlTemplate":"https:\/\/in.naf.se\/?s={search_term_string}"},"query-input":{"@type":"PropertyValueSpecification","valueRequired":true,"valueName":"search_term_string"}}],"inLanguage":"sv-SE"},{"@type":"Organization","@id":"https:\/\/in.naf.se\/#organization","name":"NAF Control Valves","url":"https:\/\/in.naf.se\/","logo":{"@type":"ImageObject","inLanguage":"sv-SE","@id":"https:\/\/in.naf.se\/#\/schema\/logo\/image\/","url":"https:\/\/in.naf.se\/wp-content\/uploads\/2018\/08\/flowserve-naf-logo-white-retina.png","contentUrl":"https:\/\/in.naf.se\/wp-content\/uploads\/2018\/08\/flowserve-naf-logo-white-retina.png","width":275,"height":146,"caption":"NAF Control Valves"},"image":{"@id":"https:\/\/in.naf.se\/#\/schema\/logo\/image\/"}}]}},"_links":{"self":[{"href":"https:\/\/in.naf.se\/sv\/wp-json\/wp\/v2\/pages\/52","targetHints":{"allow":["GET"]}}],"collection":[{"href":"https:\/\/in.naf.se\/sv\/wp-json\/wp\/v2\/pages"}],"about":[{"href":"https:\/\/in.naf.se\/sv\/wp-json\/wp\/v2\/types\/page"}],"author":[{"embeddable":true,"href":"https:\/\/in.naf.se\/sv\/wp-json\/wp\/v2\/users\/1"}],"replies":[{"embeddable":true,"href":"https:\/\/in.naf.se\/sv\/wp-json\/wp\/v2\/comments?post=52"}],"version-history":[{"count":5,"href":"https:\/\/in.naf.se\/sv\/wp-json\/wp\/v2\/pages\/52\/revisions"}],"predecessor-version":[{"id":6722,"href":"https:\/\/in.naf.se\/sv\/wp-json\/wp\/v2\/pages\/52\/revisions\/6722"}],"wp:attachment":[{"href":"https:\/\/in.naf.se\/sv\/wp-json\/wp\/v2\/media?parent=52"}],"curies":[{"name":"wp","href":"https:\/\/api.w.org\/{rel}","templated":true}]}}